{"id":17412,"date":"2022-01-31T05:20:57","date_gmt":"2022-01-31T05:20:57","guid":{"rendered":"https:\/\/thepixelcurve.com\/wp\/lmsmart\/tutor\/?page_id=17412"},"modified":"2024-12-01T13:10:39","modified_gmt":"2024-12-01T18:10:39","slug":"our-team","status":"publish","type":"page","link":"https:\/\/cerecos.com\/formations\/our-team\/","title":{"rendered":"Equipe technique"},"content":{"rendered":"\t\t<div data-elementor-type=\"wp-page\" data-elementor-id=\"17412\" class=\"elementor elementor-17412\">\n\t\t\t\t\t\t<section class=\"elementor-section elementor-top-section elementor-element elementor-element-fbc7c73 elementor-section-boxed elementor-section-height-default elementor-section-height-default\" data-id=\"fbc7c73\" data-element_type=\"section\" data-e-type=\"section\" data-settings=\"{&quot;background_background&quot;:&quot;classic&quot;}\">\n\t\t\t\t\t\t\t<div class=\"elementor-background-overlay\"><\/div>\n\t\t\t\t\t\t\t<div class=\"elementor-container elementor-column-gap-default\">\n\t\t\t\t\t<div class=\"elementor-column elementor-col-100 elementor-top-column elementor-element elementor-element-55c63e0\" data-id=\"55c63e0\" data-element_type=\"column\" data-e-type=\"column\">\n\t\t\t<div class=\"elementor-widget-wrap elementor-element-populated\">\n\t\t\t\t\t\t<div class=\"elementor-element elementor-element-4c9ea3c acenter elementor-widget elementor-widget-tpc-double-headings\" data-id=\"4c9ea3c\" data-element_type=\"widget\" data-e-type=\"widget\" data-widget_type=\"tpc-double-headings.default\">\n\t\t\t\t<div class=\"elementor-widget-container\">\n\t\t\t\t\t<div class=\"tpc-double_heading\"><h3 class=\"dbl__title-wrapper\">                          \n                \n                  <span  class=\"shape-bg \">\n                    <span style=\"background: #ffd24d\" class=\"shape__bg\"><\/span>                <\/span>\n                                   \n                                   <span class=\"dbl__title dbl-title_1\">Les membres de notre \u00e9quipe d'experts<\/span><\/h3><\/div>\t\t\t\t<\/div>\n\t\t\t\t<\/div>\n\t\t\t\t\t<\/div>\n\t\t<\/div>\n\t\t\t\t\t<\/div>\n\t\t<\/section>\n\t\t\t\t<section class=\"elementor-section elementor-top-section elementor-element elementor-element-b90045f elementor-section-boxed elementor-section-height-default elementor-section-height-default\" data-id=\"b90045f\" data-element_type=\"section\" data-e-type=\"section\">\n\t\t\t\t\t\t<div class=\"elementor-container elementor-column-gap-default\">\n\t\t\t\t\t<div class=\"elementor-column elementor-col-25 elementor-top-column elementor-element elementor-element-704fc98\" data-id=\"704fc98\" data-element_type=\"column\" data-e-type=\"column\">\n\t\t\t<div class=\"elementor-widget-wrap elementor-element-populated\">\n\t\t\t\t\t\t<div class=\"elementor-element elementor-element-2ca0f1c elementor-widget elementor-widget-tpc-team\" data-id=\"2ca0f1c\" data-element_type=\"widget\" data-e-type=\"widget\" data-widget_type=\"tpc-team.default\">\n\t\t\t\t<div class=\"elementor-widget-container\">\n\t\t\t\t\t\n        <div class=\"tpc-team\">\n\n            \n            <div class=\"single-team__item text-center\">\n\n                                <a class=\"team-item_title-link\" href=\"#\">\n            \n                            <div class=\"items-image\">\n                    <img decoding=\"async\" class=\"team-item_image\" src=\"https:\/\/cerecos.com\/formations\/wp-content\/uploads\/2024\/11\/ecjoseph.jpg\" alt=\"ecjoseph\" \/>\n                <\/div>\n            \n                <div class=\"team-content\">\n   \n\n                    <h3 class=\"team-title-tag\">Emmanuel C. Joseph<\/h3>\n                    <h4 class=\"team-deg-tag\">Professeur de Gestion<\/h4>                   \n                <\/div>\n                                <\/a>\n                            <\/div> \n\n            \n        <\/div>\n\n        \t\t\t\t<\/div>\n\t\t\t\t<\/div>\n\t\t\t\t\t<\/div>\n\t\t<\/div>\n\t\t\t\t<div class=\"elementor-column elementor-col-25 elementor-top-column elementor-element elementor-element-1897dc8\" data-id=\"1897dc8\" data-element_type=\"column\" data-e-type=\"column\">\n\t\t\t<div class=\"elementor-widget-wrap elementor-element-populated\">\n\t\t\t\t\t\t<div class=\"elementor-element elementor-element-5d8ec8d elementor-widget elementor-widget-tpc-team\" data-id=\"5d8ec8d\" data-element_type=\"widget\" data-e-type=\"widget\" data-widget_type=\"tpc-team.default\">\n\t\t\t\t<div class=\"elementor-widget-container\">\n\t\t\t\t\t\n        <div class=\"tpc-team\">\n\n            \n            <div class=\"single-team__item text-center\">\n\n                                <a class=\"team-item_title-link\" href=\"#\">\n            \n                            <div class=\"items-image\">\n                    <img decoding=\"async\" class=\"team-item_image\" src=\"https:\/\/cerecos.com\/formations\/wp-content\/uploads\/2024\/11\/jmfrancoise.png\" alt=\"jmfrancoise\" \/>\n                <\/div>\n            \n                <div class=\"team-content\">\n   \n\n                    <h3 class=\"team-title-tag\">Fran\u00e7oise Jean-Marie<\/h3>\n                    <h4 class=\"team-deg-tag\">Professeur de couture<\/h4>                   \n                <\/div>\n                                <\/a>\n                            <\/div> \n\n            \n        <\/div>\n\n        \t\t\t\t<\/div>\n\t\t\t\t<\/div>\n\t\t\t\t\t<\/div>\n\t\t<\/div>\n\t\t\t\t<div class=\"elementor-column elementor-col-25 elementor-top-column elementor-element elementor-element-39396af\" data-id=\"39396af\" data-element_type=\"column\" data-e-type=\"column\">\n\t\t\t<div class=\"elementor-widget-wrap elementor-element-populated\">\n\t\t\t\t\t\t<div class=\"elementor-element elementor-element-f821413 elementor-widget elementor-widget-tpc-team\" data-id=\"f821413\" data-element_type=\"widget\" data-e-type=\"widget\" data-widget_type=\"tpc-team.default\">\n\t\t\t\t<div class=\"elementor-widget-container\">\n\t\t\t\t\t\n        <div class=\"tpc-team\">\n\n            \n            <div class=\"single-team__item text-center\">\n\n                                <a class=\"team-item_title-link\" href=\"#\">\n            \n                            <div class=\"items-image\">\n                    <img decoding=\"async\" class=\"team-item_image\" src=\"https:\/\/cerecos.com\/formations\/wp-content\/uploads\/2024\/11\/Gabiblot.jpg\" alt=\"Gabiblot\" \/>\n                <\/div>\n            \n                <div class=\"team-content\">\n   \n\n                    <h3 class=\"team-title-tag\">Louis Gabriel Blot<\/h3>\n                    <h4 class=\"team-deg-tag\">Professeur de Communication<\/h4>                   \n                <\/div>\n                                <\/a>\n                            <\/div> \n\n            \n        <\/div>\n\n        \t\t\t\t<\/div>\n\t\t\t\t<\/div>\n\t\t\t\t\t<\/div>\n\t\t<\/div>\n\t\t\t\t<div class=\"elementor-column elementor-col-25 elementor-top-column elementor-element elementor-element-bce5f2f\" data-id=\"bce5f2f\" data-element_type=\"column\" data-e-type=\"column\">\n\t\t\t<div class=\"elementor-widget-wrap elementor-element-populated\">\n\t\t\t\t\t\t<div class=\"elementor-element elementor-element-3fd464f elementor-widget elementor-widget-tpc-team\" data-id=\"3fd464f\" data-element_type=\"widget\" data-e-type=\"widget\" data-widget_type=\"tpc-team.default\">\n\t\t\t\t<div class=\"elementor-widget-container\">\n\t\t\t\t\t\n        <div class=\"tpc-team\">\n\n            \n            <div class=\"single-team__item text-center\">\n\n                                <a class=\"team-item_title-link\" href=\"#\">\n            \n                            <div class=\"items-image\">\n                    <img decoding=\"async\" class=\"team-item_image\" src=\"https:\/\/cerecos.com\/formations\/wp-content\/uploads\/2024\/11\/jmsfleur.jpg\" alt=\"jmsfleur\" \/>\n                <\/div>\n            \n                <div class=\"team-content\">\n   \n\n                    <h3 class=\"team-title-tag\">Jean Max Saint-Fleur<\/h3>\n                    <h4 class=\"team-deg-tag\">Professeur de communication<\/h4>                   \n                <\/div>\n                                <\/a>\n                            <\/div> \n\n            \n        <\/div>\n\n        \t\t\t\t<\/div>\n\t\t\t\t<\/div>\n\t\t\t\t\t<\/div>\n\t\t<\/div>\n\t\t\t\t\t<\/div>\n\t\t<\/section>\n\t\t\t\t<section class=\"elementor-section elementor-top-section elementor-element elementor-element-d9ece78 elementor-section-boxed elementor-section-height-default elementor-section-height-default\" data-id=\"d9ece78\" data-element_type=\"section\" data-e-type=\"section\">\n\t\t\t\t\t\t<div class=\"elementor-container elementor-column-gap-default\">\n\t\t\t\t\t<div class=\"elementor-column elementor-col-25 elementor-top-column elementor-element elementor-element-2ef14ba\" data-id=\"2ef14ba\" data-element_type=\"column\" data-e-type=\"column\">\n\t\t\t<div class=\"elementor-widget-wrap elementor-element-populated\">\n\t\t\t\t\t\t<div class=\"elementor-element elementor-element-41fd8b6 elementor-widget elementor-widget-tpc-team\" data-id=\"41fd8b6\" data-element_type=\"widget\" data-e-type=\"widget\" data-widget_type=\"tpc-team.default\">\n\t\t\t\t<div class=\"elementor-widget-container\">\n\t\t\t\t\t\n        <div class=\"tpc-team\">\n\n            \n            <div class=\"single-team__item text-center\">\n\n                                <a class=\"team-item_title-link\" href=\"#\">\n            \n                            <div class=\"items-image\">\n                    <img decoding=\"async\" class=\"team-item_image\" src=\"https:\/\/cerecos.com\/formations\/wp-content\/uploads\/2024\/11\/csmerone.jpg\" alt=\"csmerone\" \/>\n                <\/div>\n            \n                <div class=\"team-content\">\n   \n\n                    <h3 class=\"team-title-tag\">M\u00e9ron\u00e9 S. Coulange<\/h3>\n                    <h4 class=\"team-deg-tag\">Professeur en Pop-Dev<\/h4>                   \n                <\/div>\n                                <\/a>\n                            <\/div> \n\n            \n        <\/div>\n\n        \t\t\t\t<\/div>\n\t\t\t\t<\/div>\n\t\t\t\t\t<\/div>\n\t\t<\/div>\n\t\t\t\t<div class=\"elementor-column elementor-col-25 elementor-top-column elementor-element elementor-element-7bb42e2\" data-id=\"7bb42e2\" data-element_type=\"column\" data-e-type=\"column\">\n\t\t\t<div class=\"elementor-widget-wrap elementor-element-populated\">\n\t\t\t\t\t\t<div class=\"elementor-element elementor-element-ed9667a elementor-widget elementor-widget-tpc-team\" data-id=\"ed9667a\" data-element_type=\"widget\" data-e-type=\"widget\" data-widget_type=\"tpc-team.default\">\n\t\t\t\t<div class=\"elementor-widget-container\">\n\t\t\t\t\t\n        <div class=\"tpc-team\">\n\n            \n            <div class=\"single-team__item text-center\">\n\n                                <a class=\"team-item_title-link\" href=\"#\">\n            \n                            <div class=\"items-image\">\n                    <img decoding=\"async\" class=\"team-item_image\" src=\"https:\/\/cerecos.com\/formations\/wp-content\/uploads\/2024\/12\/lnelson.jpg\" alt=\"lnelson\" \/>\n                <\/div>\n            \n                <div class=\"team-content\">\n   \n\n                    <h3 class=\"team-title-tag\">Lum\u00e8ne Nelson<\/h3>\n                    <h4 class=\"team-deg-tag\">Professeur de leadership<\/h4>                   \n                <\/div>\n                                <\/a>\n                            <\/div> \n\n            \n        <\/div>\n\n        \t\t\t\t<\/div>\n\t\t\t\t<\/div>\n\t\t\t\t\t<\/div>\n\t\t<\/div>\n\t\t\t\t<div class=\"elementor-column elementor-col-25 elementor-top-column elementor-element elementor-element-782ae3d\" data-id=\"782ae3d\" data-element_type=\"column\" data-e-type=\"column\">\n\t\t\t<div class=\"elementor-widget-wrap elementor-element-populated\">\n\t\t\t\t\t\t<div class=\"elementor-element elementor-element-d92dc09 elementor-widget elementor-widget-tpc-team\" data-id=\"d92dc09\" data-element_type=\"widget\" data-e-type=\"widget\" data-widget_type=\"tpc-team.default\">\n\t\t\t\t<div class=\"elementor-widget-container\">\n\t\t\t\t\t\n        <div class=\"tpc-team\">\n\n            \n            <div class=\"single-team__item text-center\">\n\n                                <a class=\"team-item_title-link\" href=\"#\">\n            \n                            <div class=\"items-image\">\n                    <img decoding=\"async\" class=\"team-item_image\" src=\"https:\/\/cerecos.com\/formations\/wp-content\/uploads\/2024\/11\/frjacques.jpg\" alt=\"frjacques\" \/>\n                <\/div>\n            \n                <div class=\"team-content\">\n   \n\n                    <h3 class=\"team-title-tag\">Frants Jacques<\/h3>\n                    <h4 class=\"team-deg-tag\">Professeur de Fran\u00e7ais<\/h4>                   \n                <\/div>\n                                <\/a>\n                            <\/div> \n\n            \n        <\/div>\n\n        \t\t\t\t<\/div>\n\t\t\t\t<\/div>\n\t\t\t\t\t<\/div>\n\t\t<\/div>\n\t\t\t\t<div class=\"elementor-column elementor-col-25 elementor-top-column elementor-element elementor-element-e5f2588\" data-id=\"e5f2588\" data-element_type=\"column\" data-e-type=\"column\">\n\t\t\t<div class=\"elementor-widget-wrap elementor-element-populated\">\n\t\t\t\t\t\t<div class=\"elementor-element elementor-element-f060799 elementor-widget elementor-widget-tpc-team\" data-id=\"f060799\" data-element_type=\"widget\" data-e-type=\"widget\" data-widget_type=\"tpc-team.default\">\n\t\t\t\t<div class=\"elementor-widget-container\">\n\t\t\t\t\t\n        <div class=\"tpc-team\">\n\n            \n            <div class=\"single-team__item text-center\">\n\n                                <a class=\"team-item_title-link\" href=\"#\">\n            \n                            <div class=\"items-image\">\n                    <img decoding=\"async\" class=\"team-item_image\" src=\"https:\/\/cerecos.com\/formations\/wp-content\/uploads\/2024\/11\/jmario.jpg\" alt=\"jmario\" \/>\n                <\/div>\n            \n                <div class=\"team-content\">\n   \n\n                    <h3 class=\"team-title-tag\">Mario Joseph<\/h3>\n                    <h4 class=\"team-deg-tag\">Professeur d'infographie<\/h4>                   \n                <\/div>\n                                <\/a>\n                            <\/div> \n\n            \n        <\/div>\n\n        \t\t\t\t<\/div>\n\t\t\t\t<\/div>\n\t\t\t\t\t<\/div>\n\t\t<\/div>\n\t\t\t\t\t<\/div>\n\t\t<\/section>\n\t\t\t\t<section class=\"elementor-section elementor-top-section elementor-element elementor-element-dce5161 elementor-section-boxed elementor-section-height-default elementor-section-height-default\" data-id=\"dce5161\" data-element_type=\"section\" data-e-type=\"section\">\n\t\t\t\t\t\t<div class=\"elementor-container elementor-column-gap-default\">\n\t\t\t\t\t<div class=\"elementor-column elementor-col-25 elementor-top-column elementor-element elementor-element-92e7727\" data-id=\"92e7727\" data-element_type=\"column\" data-e-type=\"column\">\n\t\t\t<div class=\"elementor-widget-wrap elementor-element-populated\">\n\t\t\t\t\t\t<div class=\"elementor-element elementor-element-088e348 elementor-widget elementor-widget-tpc-team\" data-id=\"088e348\" data-element_type=\"widget\" data-e-type=\"widget\" data-widget_type=\"tpc-team.default\">\n\t\t\t\t<div class=\"elementor-widget-container\">\n\t\t\t\t\t\n        <div class=\"tpc-team\">\n\n            \n            <div class=\"single-team__item text-center\">\n\n                                <a class=\"team-item_title-link\" href=\"#\">\n            \n                            <div class=\"items-image\">\n                    <img decoding=\"async\" class=\"team-item_image\" src=\"https:\/\/cerecos.com\/formations\/wp-content\/uploads\/2024\/12\/Njulienne.jpg\" alt=\"Njulienne\" \/>\n                <\/div>\n            \n                <div class=\"team-content\">\n   \n\n                    <h3 class=\"team-title-tag\">Julienne Nelson<\/h3>\n                    <h4 class=\"team-deg-tag\">Professeur de couture<\/h4>                   \n                <\/div>\n                                <\/a>\n                            <\/div> \n\n            \n        <\/div>\n\n        \t\t\t\t<\/div>\n\t\t\t\t<\/div>\n\t\t\t\t\t<\/div>\n\t\t<\/div>\n\t\t\t\t<div class=\"elementor-column elementor-col-25 elementor-top-column elementor-element elementor-element-ce8812a\" data-id=\"ce8812a\" data-element_type=\"column\" data-e-type=\"column\">\n\t\t\t<div class=\"elementor-widget-wrap elementor-element-populated\">\n\t\t\t\t\t\t<div class=\"elementor-element elementor-element-bddb6cf elementor-widget elementor-widget-tpc-team\" data-id=\"bddb6cf\" data-element_type=\"widget\" data-e-type=\"widget\" data-widget_type=\"tpc-team.default\">\n\t\t\t\t<div class=\"elementor-widget-container\">\n\t\t\t\t\t\n        <div class=\"tpc-team\">\n\n            \n            <div class=\"single-team__item text-center\">\n\n                                <a class=\"team-item_title-link\" href=\"#\">\n            \n                            <div class=\"items-image\">\n                    <img decoding=\"async\" class=\"team-item_image\" src=\"https:\/\/cerecos.com\/formations\/wp-content\/uploads\/2024\/11\/jodavid.jpg\" alt=\"jodavid\" \/>\n                <\/div>\n            \n                <div class=\"team-content\">\n   \n\n                    <h3 class=\"team-title-tag\">David Joseph<\/h3>\n                    <h4 class=\"team-deg-tag\">Professeur d'informatique<\/h4>                   \n                <\/div>\n                                <\/a>\n                            <\/div> \n\n            \n        <\/div>\n\n        \t\t\t\t<\/div>\n\t\t\t\t<\/div>\n\t\t\t\t\t<\/div>\n\t\t<\/div>\n\t\t\t\t<div class=\"elementor-column elementor-col-25 elementor-top-column elementor-element elementor-element-0463ace\" data-id=\"0463ace\" data-element_type=\"column\" data-e-type=\"column\">\n\t\t\t<div class=\"elementor-widget-wrap elementor-element-populated\">\n\t\t\t\t\t\t<div class=\"elementor-element elementor-element-ee2fdaa elementor-widget elementor-widget-tpc-team\" data-id=\"ee2fdaa\" data-element_type=\"widget\" data-e-type=\"widget\" data-widget_type=\"tpc-team.default\">\n\t\t\t\t<div class=\"elementor-widget-container\">\n\t\t\t\t\t\n        <div class=\"tpc-team\">\n\n            \n            <div class=\"single-team__item text-center\">\n\n                                <a class=\"team-item_title-link\" href=\"#\">\n            \n                            <div class=\"items-image\">\n                    <img decoding=\"async\" class=\"team-item_image\" src=\"\" alt=\"\" \/>\n                <\/div>\n            \n                <div class=\"team-content\">\n   \n\n                    \n                                       \n                <\/div>\n                                <\/a>\n                            <\/div> \n\n            \n        <\/div>\n\n        \t\t\t\t<\/div>\n\t\t\t\t<\/div>\n\t\t\t\t\t<\/div>\n\t\t<\/div>\n\t\t\t\t<div class=\"elementor-column elementor-col-25 elementor-top-column elementor-element elementor-element-d8cb826\" data-id=\"d8cb826\" data-element_type=\"column\" data-e-type=\"column\">\n\t\t\t<div class=\"elementor-widget-wrap elementor-element-populated\">\n\t\t\t\t\t\t<div class=\"elementor-element elementor-element-b8cc171 elementor-widget elementor-widget-tpc-team\" data-id=\"b8cc171\" data-element_type=\"widget\" data-e-type=\"widget\" data-widget_type=\"tpc-team.default\">\n\t\t\t\t<div class=\"elementor-widget-container\">\n\t\t\t\t\t\n        <div class=\"tpc-team\">\n\n            \n            <div class=\"single-team__item text-center\">\n\n                                <a class=\"team-item_title-link\" href=\"#\">\n            \n                            <div class=\"items-image\">\n                    <img decoding=\"async\" class=\"team-item_image\" src=\"\" alt=\"\" \/>\n                <\/div>\n            \n                <div class=\"team-content\">\n   \n\n                    \n                                       \n                <\/div>\n                                <\/a>\n                            <\/div> \n\n            \n        <\/div>\n\n        \t\t\t\t<\/div>\n\t\t\t\t<\/div>\n\t\t\t\t\t<\/div>\n\t\t<\/div>\n\t\t\t\t\t<\/div>\n\t\t<\/section>\n\t\t\t\t<\/div>\n\t\t","protected":false},"excerpt":{"rendered":"<p>Les membres de notre \u00e9quipe d&#8217;experts Emmanuel C. Joseph Professeur de Gestion Fran\u00e7oise Jean-Marie Professeur de couture Louis Gabriel Blot Professeur de Communication Jean Max Saint-Fleur Professeur de communication M\u00e9ron\u00e9 S. Coulange Professeur en Pop-Dev Lum\u00e8ne Nelson Professeur de leadership Frants Jacques Professeur de Fran\u00e7ais Mario Joseph Professeur d&#8217;infographie Julienne Nelson Professeur de couture David [&hellip;]<\/p>\n","protected":false},"author":1,"featured_media":0,"parent":0,"menu_order":0,"comment_status":"closed","ping_status":"closed","template":"","meta":{"nf_dc_page":"","_bbp_topic_count":0,"_bbp_reply_count":0,"_bbp_total_topic_count":0,"_bbp_total_reply_count":0,"_bbp_voice_count":0,"_bbp_anonymous_reply_count":0,"_bbp_topic_count_hidden":0,"_bbp_reply_count_hidden":0,"_bbp_forum_subforum_count":0,"om_disable_all_campaigns":false,"footnotes":""},"class_list":["post-17412","page","type-page","status-publish","hentry"],"_links":{"self":[{"href":"https:\/\/cerecos.com\/formations\/wp-json\/wp\/v2\/pages\/17412","targetHints":{"allow":["GET"]}}],"collection":[{"href":"https:\/\/cerecos.com\/formations\/wp-json\/wp\/v2\/pages"}],"about":[{"href":"https:\/\/cerecos.com\/formations\/wp-json\/wp\/v2\/types\/page"}],"author":[{"embeddable":true,"href":"https:\/\/cerecos.com\/formations\/wp-json\/wp\/v2\/users\/1"}],"replies":[{"embeddable":true,"href":"https:\/\/cerecos.com\/formations\/wp-json\/wp\/v2\/comments?post=17412"}],"version-history":[{"count":11,"href":"https:\/\/cerecos.com\/formations\/wp-json\/wp\/v2\/pages\/17412\/revisions"}],"predecessor-version":[{"id":20942,"href":"https:\/\/cerecos.com\/formations\/wp-json\/wp\/v2\/pages\/17412\/revisions\/20942"}],"wp:attachment":[{"href":"https:\/\/cerecos.com\/formations\/wp-json\/wp\/v2\/media?parent=17412"}],"curies":[{"name":"wp","href":"https:\/\/api.w.org\/{rel}","templated":true}]}}