{"id":17234,"date":"2022-01-31T01:08:05","date_gmt":"2022-01-31T01:08:05","guid":{"rendered":"https:\/\/thepixelcurve.com\/wp\/lmsmart\/tutor\/?page_id=17234"},"modified":"2024-12-07T17:15:29","modified_gmt":"2024-12-07T22:15:29","slug":"about-us-2","status":"publish","type":"page","link":"https:\/\/cerecos.com\/formations\/about-us-2\/","title":{"rendered":"A propos"},"content":{"rendered":"\t\t<div data-elementor-type=\"wp-page\" data-elementor-id=\"17234\" class=\"elementor elementor-17234\">\n\t\t\t\t\t\t<section class=\"elementor-section elementor-top-section elementor-element elementor-element-279fac9 elementor-section-boxed elementor-section-height-default elementor-section-height-default\" data-id=\"279fac9\" data-element_type=\"section\" data-e-type=\"section\" data-settings=\"{&quot;background_background&quot;:&quot;classic&quot;}\">\n\t\t\t\t\t\t\t<div class=\"elementor-background-overlay\"><\/div>\n\t\t\t\t\t\t\t<div class=\"elementor-container elementor-column-gap-default\">\n\t\t\t\t\t<div class=\"elementor-column elementor-col-100 elementor-top-column elementor-element elementor-element-c9bf374\" data-id=\"c9bf374\" data-element_type=\"column\" data-e-type=\"column\">\n\t\t\t<div class=\"elementor-widget-wrap elementor-element-populated\">\n\t\t\t\t\t\t<section class=\"elementor-section elementor-inner-section elementor-element elementor-element-a1c9849 elementor-section-boxed elementor-section-height-default elementor-section-height-default\" data-id=\"a1c9849\" data-element_type=\"section\" data-e-type=\"section\">\n\t\t\t\t\t\t<div class=\"elementor-container elementor-column-gap-default\">\n\t\t\t\t\t<div class=\"elementor-column elementor-col-33 elementor-inner-column elementor-element elementor-element-8297ffd\" data-id=\"8297ffd\" data-element_type=\"column\" data-e-type=\"column\">\n\t\t\t<div class=\"elementor-widget-wrap elementor-element-populated\">\n\t\t\t\t\t\t<div class=\"elementor-element elementor-element-35f9342 elementor-widget elementor-widget-image\" data-id=\"35f9342\" data-element_type=\"widget\" data-e-type=\"widget\" data-widget_type=\"image.default\">\n\t\t\t\t<div class=\"elementor-widget-container\">\n\t\t\t\t\t\t\t\t\t\t\t\t\t\t\t<img fetchpriority=\"high\" decoding=\"async\" width=\"576\" height=\"1024\" src=\"https:\/\/cerecos.com\/formations\/wp-content\/uploads\/2024\/11\/yamile-576x1024.jpg\" class=\"attachment-large size-large wp-image-20815\" alt=\"\" srcset=\"https:\/\/cerecos.com\/formations\/wp-content\/uploads\/2024\/11\/yamile-576x1024.jpg 576w, https:\/\/cerecos.com\/formations\/wp-content\/uploads\/2024\/11\/yamile-169x300.jpg 169w, https:\/\/cerecos.com\/formations\/wp-content\/uploads\/2024\/11\/yamile-768x1366.jpg 768w, https:\/\/cerecos.com\/formations\/wp-content\/uploads\/2024\/11\/yamile-864x1536.jpg 864w, https:\/\/cerecos.com\/formations\/wp-content\/uploads\/2024\/11\/yamile.jpg 899w\" sizes=\"(max-width: 576px) 100vw, 576px\" \/>\t\t\t\t\t\t\t\t\t\t\t\t\t\t\t<\/div>\n\t\t\t\t<\/div>\n\t\t\t\t\t<\/div>\n\t\t<\/div>\n\t\t\t\t<div class=\"elementor-column elementor-col-33 elementor-inner-column elementor-element elementor-element-fd10409\" data-id=\"fd10409\" data-element_type=\"column\" data-e-type=\"column\">\n\t\t\t<div class=\"elementor-widget-wrap elementor-element-populated\">\n\t\t\t\t\t\t<div class=\"elementor-element elementor-element-e8332a4 elementor-widget elementor-widget-image\" data-id=\"e8332a4\" data-element_type=\"widget\" data-e-type=\"widget\" data-widget_type=\"image.default\">\n\t\t\t\t<div class=\"elementor-widget-container\">\n\t\t\t\t\t\t\t\t\t\t\t\t\t\t\t<img decoding=\"async\" width=\"1024\" height=\"1024\" src=\"https:\/\/cerecos.com\/formations\/wp-content\/uploads\/2024\/12\/affaires-1.jpg\" class=\"attachment-large size-large wp-image-21087\" alt=\"\" srcset=\"https:\/\/cerecos.com\/formations\/wp-content\/uploads\/2024\/12\/affaires-1.jpg 1024w, https:\/\/cerecos.com\/formations\/wp-content\/uploads\/2024\/12\/affaires-1-300x300.jpg 300w, https:\/\/cerecos.com\/formations\/wp-content\/uploads\/2024\/12\/affaires-1-150x150.jpg 150w, https:\/\/cerecos.com\/formations\/wp-content\/uploads\/2024\/12\/affaires-1-768x768.jpg 768w, https:\/\/cerecos.com\/formations\/wp-content\/uploads\/2024\/12\/affaires-1-480x480.jpg 480w, https:\/\/cerecos.com\/formations\/wp-content\/uploads\/2024\/12\/affaires-1-270x270.jpg 270w\" sizes=\"(max-width: 1024px) 100vw, 1024px\" \/>\t\t\t\t\t\t\t\t\t\t\t\t\t\t\t<\/div>\n\t\t\t\t<\/div>\n\t\t\t\t<div class=\"elementor-element elementor-element-6220f0e elementor-widget elementor-widget-image\" data-id=\"6220f0e\" data-element_type=\"widget\" data-e-type=\"widget\" data-widget_type=\"image.default\">\n\t\t\t\t<div class=\"elementor-widget-container\">\n\t\t\t\t\t\t\t\t\t\t\t\t\t\t\t<img decoding=\"async\" width=\"1024\" height=\"1024\" src=\"https:\/\/cerecos.com\/formations\/wp-content\/uploads\/2024\/12\/affaires2.jpg\" class=\"attachment-large size-large wp-image-21088\" alt=\"\" srcset=\"https:\/\/cerecos.com\/formations\/wp-content\/uploads\/2024\/12\/affaires2.jpg 1024w, https:\/\/cerecos.com\/formations\/wp-content\/uploads\/2024\/12\/affaires2-300x300.jpg 300w, https:\/\/cerecos.com\/formations\/wp-content\/uploads\/2024\/12\/affaires2-150x150.jpg 150w, https:\/\/cerecos.com\/formations\/wp-content\/uploads\/2024\/12\/affaires2-768x768.jpg 768w, https:\/\/cerecos.com\/formations\/wp-content\/uploads\/2024\/12\/affaires2-480x480.jpg 480w, https:\/\/cerecos.com\/formations\/wp-content\/uploads\/2024\/12\/affaires2-270x270.jpg 270w\" sizes=\"(max-width: 1024px) 100vw, 1024px\" \/>\t\t\t\t\t\t\t\t\t\t\t\t\t\t\t<\/div>\n\t\t\t\t<\/div>\n\t\t\t\t\t<\/div>\n\t\t<\/div>\n\t\t\t\t<div class=\"elementor-column elementor-col-33 elementor-inner-column elementor-element elementor-element-9483c43\" data-id=\"9483c43\" data-element_type=\"column\" data-e-type=\"column\">\n\t\t\t<div class=\"elementor-widget-wrap elementor-element-populated\">\n\t\t\t\t\t\t<div class=\"elementor-element elementor-element-1b2495d elementor-widget elementor-widget-heading\" data-id=\"1b2495d\" data-element_type=\"widget\" data-e-type=\"widget\" data-widget_type=\"heading.default\">\n\t\t\t\t<div class=\"elementor-widget-container\">\n\t\t\t\t\t<h2 class=\"elementor-heading-title elementor-size-default\">Que vous souhaitiez apprendre ou partager ce que vous savez, vous \u00eates au bon endroit<\/h2>\t\t\t\t<\/div>\n\t\t\t\t<\/div>\n\t\t\t\t<div class=\"elementor-element elementor-element-59bb09a elementor-widget elementor-widget-text-editor\" data-id=\"59bb09a\" data-element_type=\"widget\" data-e-type=\"widget\" data-widget_type=\"text-editor.default\">\n\t\t\t\t<div class=\"elementor-widget-container\">\n\t\t\t\t\t\t\t\t\t<p>Des programmes de formation et de d\u00e9veloppement de classe mondiale d\u00e9velopp\u00e9s par des enseignants de haut niveau. l&#8217;objectif est de vous aidez \u00e0 d\u00e9velopper vos comp\u00e9tences gr\u00e2ce \u00e0 des cours sur mesure et la r\u00e9ception d&#8217;un certificat en ligne homologu\u00e9s par des universit\u00e9s et des entreprises de renomm\u00e9e.<\/p>\t\t\t\t\t\t\t\t<\/div>\n\t\t\t\t<\/div>\n\t\t\t\t<div class=\"elementor-element elementor-element-6e19125 elementor-icon-list--layout-traditional elementor-list-item-link-full_width elementor-widget elementor-widget-icon-list\" data-id=\"6e19125\" data-element_type=\"widget\" data-e-type=\"widget\" data-widget_type=\"icon-list.default\">\n\t\t\t\t<div class=\"elementor-widget-container\">\n\t\t\t\t\t\t\t<ul class=\"elementor-icon-list-items\">\n\t\t\t\t\t\t\t<li class=\"elementor-icon-list-item\">\n\t\t\t\t\t\t\t\t\t\t\t<span class=\"elementor-icon-list-icon\">\n\t\t\t\t\t\t\t<svg aria-hidden=\"true\" class=\"e-font-icon-svg e-fas-check\" viewBox=\"0 0 512 512\" xmlns=\"http:\/\/www.w3.org\/2000\/svg\"><path d=\"M173.898 439.404l-166.4-166.4c-9.997-9.997-9.997-26.206 0-36.204l36.203-36.204c9.997-9.998 26.207-9.998 36.204 0L192 312.69 432.095 72.596c9.997-9.997 26.207-9.997 36.204 0l36.203 36.204c9.997 9.997 9.997 26.206 0 36.204l-294.4 294.401c-9.998 9.997-26.207 9.997-36.204-.001z\"><\/path><\/svg>\t\t\t\t\t\t<\/span>\n\t\t\t\t\t\t\t\t\t\t<span class=\"elementor-icon-list-text\">Acc\u00e9dez \u00e0 des cours de qualit\u00e9<\/span>\n\t\t\t\t\t\t\t\t\t<\/li>\n\t\t\t\t\t\t\t\t<li class=\"elementor-icon-list-item\">\n\t\t\t\t\t\t\t\t\t\t\t<span class=\"elementor-icon-list-icon\">\n\t\t\t\t\t\t\t<svg aria-hidden=\"true\" class=\"e-font-icon-svg e-fas-check\" viewBox=\"0 0 512 512\" xmlns=\"http:\/\/www.w3.org\/2000\/svg\"><path d=\"M173.898 439.404l-166.4-166.4c-9.997-9.997-9.997-26.206 0-36.204l36.203-36.204c9.997-9.998 26.207-9.998 36.204 0L192 312.69 432.095 72.596c9.997-9.997 26.207-9.997 36.204 0l36.203 36.204c9.997 9.997 9.997 26.206 0 36.204l-294.4 294.401c-9.998 9.997-26.207 9.997-36.204-.001z\"><\/path><\/svg>\t\t\t\t\t\t<\/span>\n\t\t\t\t\t\t\t\t\t\t<span class=\"elementor-icon-list-text\">Sujets populaires \u00e0 apprendre maintenant<\/span>\n\t\t\t\t\t\t\t\t\t<\/li>\n\t\t\t\t\t\t\t\t<li class=\"elementor-icon-list-item\">\n\t\t\t\t\t\t\t\t\t\t\t<span class=\"elementor-icon-list-icon\">\n\t\t\t\t\t\t\t<svg aria-hidden=\"true\" class=\"e-font-icon-svg e-fas-check\" viewBox=\"0 0 512 512\" xmlns=\"http:\/\/www.w3.org\/2000\/svg\"><path d=\"M173.898 439.404l-166.4-166.4c-9.997-9.997-9.997-26.206 0-36.204l36.203-36.204c9.997-9.998 26.207-9.998 36.204 0L192 312.69 432.095 72.596c9.997-9.997 26.207-9.997 36.204 0l36.203 36.204c9.997 9.997 9.997 26.206 0 36.204l-294.4 294.401c-9.998 9.997-26.207 9.997-36.204-.001z\"><\/path><\/svg>\t\t\t\t\t\t<\/span>\n\t\t\t\t\t\t\t\t\t\t<span class=\"elementor-icon-list-text\">Trouvez l'instructeur qui vous convient<\/span>\n\t\t\t\t\t\t\t\t\t<\/li>\n\t\t\t\t\t\t<\/ul>\n\t\t\t\t\t\t<\/div>\n\t\t\t\t<\/div>\n\t\t\t\t\t<\/div>\n\t\t<\/div>\n\t\t\t\t\t<\/div>\n\t\t<\/section>\n\t\t\t\t\t<\/div>\n\t\t<\/div>\n\t\t\t\t\t<\/div>\n\t\t<\/section>\n\t\t\t\t<section class=\"elementor-section elementor-top-section elementor-element elementor-element-64e3da8 elementor-section-boxed elementor-section-height-default elementor-section-height-default\" data-id=\"64e3da8\" data-element_type=\"section\" data-e-type=\"section\" data-settings=\"{&quot;background_background&quot;:&quot;classic&quot;}\">\n\t\t\t\t\t\t<div class=\"elementor-container elementor-column-gap-default\">\n\t\t\t\t\t<div class=\"elementor-column elementor-col-100 elementor-top-column elementor-element elementor-element-85982af\" data-id=\"85982af\" data-element_type=\"column\" data-e-type=\"column\">\n\t\t\t<div class=\"elementor-widget-wrap elementor-element-populated\">\n\t\t\t\t\t\t<div class=\"elementor-element elementor-element-91f7a0e elementor-widget elementor-widget-heading\" data-id=\"91f7a0e\" data-element_type=\"widget\" data-e-type=\"widget\" data-widget_type=\"heading.default\">\n\t\t\t\t<div class=\"elementor-widget-container\">\n\t\t\t\t\t<h2 class=\"elementor-heading-title elementor-size-default\">Notre communaut\u00e9 mondiale et notre catalogue de cours s'agrandissent chaque jour<\/h2>\t\t\t\t<\/div>\n\t\t\t\t<\/div>\n\t\t\t\t<section class=\"elementor-section elementor-inner-section elementor-element elementor-element-b1cc414 elementor-section-boxed elementor-section-height-default elementor-section-height-default\" data-id=\"b1cc414\" data-element_type=\"section\" data-e-type=\"section\">\n\t\t\t\t\t\t<div class=\"elementor-container elementor-column-gap-default\">\n\t\t\t\t\t<div class=\"elementor-column elementor-col-25 elementor-inner-column elementor-element elementor-element-22f67e0\" data-id=\"22f67e0\" data-element_type=\"column\" data-e-type=\"column\">\n\t\t\t<div class=\"elementor-widget-wrap elementor-element-populated\">\n\t\t\t\t\t\t<div class=\"elementor-element elementor-element-1abbc11 elementor-widget elementor-widget-counter\" data-id=\"1abbc11\" data-element_type=\"widget\" data-e-type=\"widget\" data-widget_type=\"counter.default\">\n\t\t\t\t<div class=\"elementor-widget-container\">\n\t\t\t\t\t\t\t<div class=\"elementor-counter\">\n\t\t\t<div class=\"elementor-counter-title\">Des heures d'apprentissage<\/div>\t\t\t<div class=\"elementor-counter-number-wrapper\">\n\t\t\t\t<span class=\"elementor-counter-number-prefix\"><\/span>\n\t\t\t\t<span class=\"elementor-counter-number\" data-duration=\"2000\" data-to-value=\"360\" data-from-value=\"0\" data-delimiter=\",\">0<\/span>\n\t\t\t\t<span class=\"elementor-counter-number-suffix\">+<\/span>\n\t\t\t<\/div>\n\t\t<\/div>\n\t\t\t\t\t\t<\/div>\n\t\t\t\t<\/div>\n\t\t\t\t\t<\/div>\n\t\t<\/div>\n\t\t\t\t<div class=\"elementor-column elementor-col-25 elementor-inner-column elementor-element elementor-element-45e66ef\" data-id=\"45e66ef\" data-element_type=\"column\" data-e-type=\"column\">\n\t\t\t<div class=\"elementor-widget-wrap elementor-element-populated\">\n\t\t\t\t\t\t<div class=\"elementor-element elementor-element-6442227 elementor-widget elementor-widget-counter\" data-id=\"6442227\" data-element_type=\"widget\" data-e-type=\"widget\" data-widget_type=\"counter.default\">\n\t\t\t\t<div class=\"elementor-widget-container\">\n\t\t\t\t\t\t\t<div class=\"elementor-counter\">\n\t\t\t<div class=\"elementor-counter-title\">Apprenant inscrit<\/div>\t\t\t<div class=\"elementor-counter-number-wrapper\">\n\t\t\t\t<span class=\"elementor-counter-number-prefix\"><\/span>\n\t\t\t\t<span class=\"elementor-counter-number\" data-duration=\"2000\" data-to-value=\"120\" data-from-value=\"0\">0<\/span>\n\t\t\t\t<span class=\"elementor-counter-number-suffix\">+<\/span>\n\t\t\t<\/div>\n\t\t<\/div>\n\t\t\t\t\t\t<\/div>\n\t\t\t\t<\/div>\n\t\t\t\t\t<\/div>\n\t\t<\/div>\n\t\t\t\t<div class=\"elementor-column elementor-col-25 elementor-inner-column elementor-element elementor-element-1913667\" data-id=\"1913667\" data-element_type=\"column\" data-e-type=\"column\">\n\t\t\t<div class=\"elementor-widget-wrap elementor-element-populated\">\n\t\t\t\t\t\t<div class=\"elementor-element elementor-element-70f1641 elementor-widget elementor-widget-counter\" data-id=\"70f1641\" data-element_type=\"widget\" data-e-type=\"widget\" data-widget_type=\"counter.default\">\n\t\t\t\t<div class=\"elementor-widget-container\">\n\t\t\t\t\t\t\t<div class=\"elementor-counter\">\n\t\t\t<div class=\"elementor-counter-title\">Instructeur en ligne<\/div>\t\t\t<div class=\"elementor-counter-number-wrapper\">\n\t\t\t\t<span class=\"elementor-counter-number-prefix\"><\/span>\n\t\t\t\t<span class=\"elementor-counter-number\" data-duration=\"2000\" data-to-value=\"24\" data-from-value=\"0\" data-delimiter=\",\">0<\/span>\n\t\t\t\t<span class=\"elementor-counter-number-suffix\">+<\/span>\n\t\t\t<\/div>\n\t\t<\/div>\n\t\t\t\t\t\t<\/div>\n\t\t\t\t<\/div>\n\t\t\t\t\t<\/div>\n\t\t<\/div>\n\t\t\t\t<div class=\"elementor-column elementor-col-25 elementor-inner-column elementor-element elementor-element-c8109f4\" data-id=\"c8109f4\" data-element_type=\"column\" data-e-type=\"column\">\n\t\t\t<div class=\"elementor-widget-wrap elementor-element-populated\">\n\t\t\t\t\t\t<div class=\"elementor-element elementor-element-34bc451 elementor-widget elementor-widget-counter\" data-id=\"34bc451\" data-element_type=\"widget\" data-e-type=\"widget\" data-widget_type=\"counter.default\">\n\t\t\t\t<div class=\"elementor-widget-container\">\n\t\t\t\t\t\t\t<div class=\"elementor-counter\">\n\t\t\t<div class=\"elementor-counter-title\">Taux de satisfaction<\/div>\t\t\t<div class=\"elementor-counter-number-wrapper\">\n\t\t\t\t<span class=\"elementor-counter-number-prefix\"><\/span>\n\t\t\t\t<span class=\"elementor-counter-number\" data-duration=\"2000\" data-to-value=\"100\" data-from-value=\"0\" data-delimiter=\",\">0<\/span>\n\t\t\t\t<span class=\"elementor-counter-number-suffix\">%<\/span>\n\t\t\t<\/div>\n\t\t<\/div>\n\t\t\t\t\t\t<\/div>\n\t\t\t\t<\/div>\n\t\t\t\t\t<\/div>\n\t\t<\/div>\n\t\t\t\t\t<\/div>\n\t\t<\/section>\n\t\t\t\t\t<\/div>\n\t\t<\/div>\n\t\t\t\t\t<\/div>\n\t\t<\/section>\n\t\t\t\t<section class=\"elementor-section elementor-top-section elementor-element elementor-element-959244c elementor-section-boxed elementor-section-height-default elementor-section-height-default\" data-id=\"959244c\" data-element_type=\"section\" data-e-type=\"section\" data-settings=\"{&quot;background_background&quot;:&quot;classic&quot;}\">\n\t\t\t\t\t\t\t<div class=\"elementor-background-overlay\"><\/div>\n\t\t\t\t\t\t\t<div class=\"elementor-container elementor-column-gap-default\">\n\t\t\t\t\t<div class=\"elementor-column elementor-col-100 elementor-top-column elementor-element elementor-element-455180f\" data-id=\"455180f\" data-element_type=\"column\" data-e-type=\"column\">\n\t\t\t<div class=\"elementor-widget-wrap elementor-element-populated\">\n\t\t\t\t\t\t<div class=\"elementor-element elementor-element-2856c7f acenter elementor-widget elementor-widget-tpc-double-headings\" data-id=\"2856c7f\" data-element_type=\"widget\" data-e-type=\"widget\" data-widget_type=\"tpc-double-headings.default\">\n\t\t\t\t<div class=\"elementor-widget-container\">\n\t\t\t\t\t<div class=\"tpc-double_heading\"><h3 class=\"dbl__title-wrapper\">                          \n                \n                  <span  class=\"shape-bg \">\n                    <span style=\"background: #ffd24d\" class=\"shape__bg\"><\/span>                <\/span>\n                                   \n                                   <span class=\"dbl__title dbl-title_1\">Des instructeurs tr\u00e8s bien not\u00e9s<\/span><\/h3><\/div>\t\t\t\t<\/div>\n\t\t\t\t<\/div>\n\t\t\t\t\t<\/div>\n\t\t<\/div>\n\t\t\t\t\t<\/div>\n\t\t<\/section>\n\t\t\t\t<section class=\"elementor-section elementor-top-section elementor-element elementor-element-4a700fb elementor-section-boxed elementor-section-height-default elementor-section-height-default\" data-id=\"4a700fb\" data-element_type=\"section\" data-e-type=\"section\">\n\t\t\t\t\t\t<div class=\"elementor-container elementor-column-gap-default\">\n\t\t\t\t\t<div class=\"elementor-column elementor-col-25 elementor-top-column elementor-element elementor-element-0404f3e\" data-id=\"0404f3e\" data-element_type=\"column\" data-e-type=\"column\">\n\t\t\t<div class=\"elementor-widget-wrap elementor-element-populated\">\n\t\t\t\t\t\t<div class=\"elementor-element elementor-element-2191d8d elementor-widget elementor-widget-tpc-team\" data-id=\"2191d8d\" data-element_type=\"widget\" data-e-type=\"widget\" data-widget_type=\"tpc-team.default\">\n\t\t\t\t<div class=\"elementor-widget-container\">\n\t\t\t\t\t\n        <div class=\"tpc-team\">\n\n            \n            <div class=\"single-team__item text-center\">\n\n                                <a class=\"team-item_title-link\" href=\"#\">\n            \n                            <div class=\"items-image\">\n                    <img decoding=\"async\" class=\"team-item_image\" src=\"https:\/\/cerecos.com\/formations\/wp-content\/uploads\/2024\/12\/Njulienne.jpg\" alt=\"Njulienne\" \/>\n                <\/div>\n            \n                <div class=\"team-content\">\n   \n\n                    <h3 class=\"team-title-tag\">Julienne Nelson<\/h3>\n                    <h4 class=\"team-deg-tag\">Professeur de couture<\/h4>                   \n                <\/div>\n                                <\/a>\n                            <\/div> \n\n            \n        <\/div>\n\n        \t\t\t\t<\/div>\n\t\t\t\t<\/div>\n\t\t\t\t\t<\/div>\n\t\t<\/div>\n\t\t\t\t<div class=\"elementor-column elementor-col-25 elementor-top-column elementor-element elementor-element-d9f399f\" data-id=\"d9f399f\" data-element_type=\"column\" data-e-type=\"column\">\n\t\t\t<div class=\"elementor-widget-wrap elementor-element-populated\">\n\t\t\t\t\t\t<div class=\"elementor-element elementor-element-213ee5b elementor-widget elementor-widget-tpc-team\" data-id=\"213ee5b\" data-element_type=\"widget\" data-e-type=\"widget\" data-widget_type=\"tpc-team.default\">\n\t\t\t\t<div class=\"elementor-widget-container\">\n\t\t\t\t\t\n        <div class=\"tpc-team\">\n\n            \n            <div class=\"single-team__item text-center\">\n\n                                <a class=\"team-item_title-link\" href=\"#\">\n            \n                            <div class=\"items-image\">\n                    <img decoding=\"async\" class=\"team-item_image\" src=\"https:\/\/cerecos.com\/formations\/wp-content\/uploads\/2024\/11\/jmsfleur.jpg\" alt=\"jmsfleur\" \/>\n                <\/div>\n            \n                <div class=\"team-content\">\n   \n\n                    <h3 class=\"team-title-tag\">Jean Max St Fleur<\/h3>\n                    <h4 class=\"team-deg-tag\">Professeur de communication<\/h4>                   \n                <\/div>\n                                <\/a>\n                            <\/div> \n\n            \n        <\/div>\n\n        \t\t\t\t<\/div>\n\t\t\t\t<\/div>\n\t\t\t\t\t<\/div>\n\t\t<\/div>\n\t\t\t\t<div class=\"elementor-column elementor-col-25 elementor-top-column elementor-element elementor-element-6bfbed2\" data-id=\"6bfbed2\" data-element_type=\"column\" data-e-type=\"column\">\n\t\t\t<div class=\"elementor-widget-wrap elementor-element-populated\">\n\t\t\t\t\t\t<div class=\"elementor-element elementor-element-31741ef elementor-widget elementor-widget-tpc-team\" data-id=\"31741ef\" data-element_type=\"widget\" data-e-type=\"widget\" data-widget_type=\"tpc-team.default\">\n\t\t\t\t<div class=\"elementor-widget-container\">\n\t\t\t\t\t\n        <div class=\"tpc-team\">\n\n            \n            <div class=\"single-team__item text-center\">\n\n                                <a class=\"team-item_title-link\" href=\"#\">\n            \n                            <div class=\"items-image\">\n                    <img decoding=\"async\" class=\"team-item_image\" src=\"https:\/\/cerecos.com\/formations\/wp-content\/uploads\/2024\/11\/csmerone.jpg\" alt=\"csmerone\" \/>\n                <\/div>\n            \n                <div class=\"team-content\">\n   \n\n                    <h3 class=\"team-title-tag\">M\u00e9ron\u00e9 S. Coulanges<\/h3>\n                    <h4 class=\"team-deg-tag\">Professeur en Pop-Dev<\/h4>                   \n                <\/div>\n                                <\/a>\n                            <\/div> \n\n            \n        <\/div>\n\n        \t\t\t\t<\/div>\n\t\t\t\t<\/div>\n\t\t\t\t\t<\/div>\n\t\t<\/div>\n\t\t\t\t<div class=\"elementor-column elementor-col-25 elementor-top-column elementor-element elementor-element-a39da5f\" data-id=\"a39da5f\" data-element_type=\"column\" data-e-type=\"column\">\n\t\t\t<div class=\"elementor-widget-wrap elementor-element-populated\">\n\t\t\t\t\t\t<div class=\"elementor-element elementor-element-f3ded8c elementor-widget elementor-widget-tpc-team\" data-id=\"f3ded8c\" data-element_type=\"widget\" data-e-type=\"widget\" data-widget_type=\"tpc-team.default\">\n\t\t\t\t<div class=\"elementor-widget-container\">\n\t\t\t\t\t\n        <div class=\"tpc-team\">\n\n            \n            <div class=\"single-team__item text-center\">\n\n                                <a class=\"team-item_title-link\" href=\"#\">\n            \n                            <div class=\"items-image\">\n                    <img decoding=\"async\" class=\"team-item_image\" src=\"https:\/\/cerecos.com\/formations\/wp-content\/uploads\/2024\/11\/Gabiblot.jpg\" alt=\"Gabiblot\" \/>\n                <\/div>\n            \n                <div class=\"team-content\">\n   \n\n                    <h3 class=\"team-title-tag\">Louis Gabriel Blot<\/h3>\n                    <h4 class=\"team-deg-tag\">Professeur de communication<\/h4>                   \n                <\/div>\n                                <\/a>\n                            <\/div> \n\n            \n        <\/div>\n\n        \t\t\t\t<\/div>\n\t\t\t\t<\/div>\n\t\t\t\t\t<\/div>\n\t\t<\/div>\n\t\t\t\t\t<\/div>\n\t\t<\/section>\n\t\t\t\t<\/div>\n\t\t","protected":false},"excerpt":{"rendered":"<p>Que vous souhaitiez apprendre ou partager ce que vous savez, vous \u00eates au bon endroit Des programmes de formation et de d\u00e9veloppement de classe mondiale d\u00e9velopp\u00e9s par des enseignants de haut niveau. l&#8217;objectif est de vous aidez \u00e0 d\u00e9velopper vos comp\u00e9tences gr\u00e2ce \u00e0 des cours sur mesure et la r\u00e9ception d&#8217;un certificat en ligne homologu\u00e9s [&hellip;]<\/p>\n","protected":false},"author":1,"featured_media":0,"parent":0,"menu_order":0,"comment_status":"closed","ping_status":"closed","template":"","meta":{"nf_dc_page":"","_bbp_topic_count":0,"_bbp_reply_count":0,"_bbp_total_topic_count":0,"_bbp_total_reply_count":0,"_bbp_voice_count":0,"_bbp_anonymous_reply_count":0,"_bbp_topic_count_hidden":0,"_bbp_reply_count_hidden":0,"_bbp_forum_subforum_count":0,"om_disable_all_campaigns":false,"footnotes":""},"class_list":["post-17234","page","type-page","status-publish","hentry"],"_links":{"self":[{"href":"https:\/\/cerecos.com\/formations\/wp-json\/wp\/v2\/pages\/17234","targetHints":{"allow":["GET"]}}],"collection":[{"href":"https:\/\/cerecos.com\/formations\/wp-json\/wp\/v2\/pages"}],"about":[{"href":"https:\/\/cerecos.com\/formations\/wp-json\/wp\/v2\/types\/page"}],"author":[{"embeddable":true,"href":"https:\/\/cerecos.com\/formations\/wp-json\/wp\/v2\/users\/1"}],"replies":[{"embeddable":true,"href":"https:\/\/cerecos.com\/formations\/wp-json\/wp\/v2\/comments?post=17234"}],"version-history":[{"count":20,"href":"https:\/\/cerecos.com\/formations\/wp-json\/wp\/v2\/pages\/17234\/revisions"}],"predecessor-version":[{"id":21100,"href":"https:\/\/cerecos.com\/formations\/wp-json\/wp\/v2\/pages\/17234\/revisions\/21100"}],"wp:attachment":[{"href":"https:\/\/cerecos.com\/formations\/wp-json\/wp\/v2\/media?parent=17234"}],"curies":[{"name":"wp","href":"https:\/\/api.w.org\/{rel}","templated":true}]}}